{"id":2820,"date":"2023-06-06T14:03:19","date_gmt":"2023-06-06T12:03:19","guid":{"rendered":"http:\/\/hp.ostgotakok.com\/?page_id=2820"},"modified":"2024-03-13T15:14:04","modified_gmt":"2024-03-13T13:14:04","slug":"festlokal-i-norrkoping","status":"publish","type":"page","link":"https:\/\/dev.ostgotakok.com\/grazie2024\/festlokal-i-norrkoping\/","title":{"rendered":"Abonnera"},"content":{"rendered":"<div class=\"et_pb_module et_pb_text et_pb_text_1 et_pb_text_align_left et_pb_bg_layout_light\">\n<div class=\"et_pb_text_inner\">\n<h2>Abonnera Grazie och f\u00e5 plats med hela tjocka sl\u00e4kten!<\/h2>\n<\/div>\n<\/div>\n<div class=\"et_pb_module et_pb_text et_pb_text_2 et_pb_text_align_left et_pb_bg_layout_light\">\n<div class=\"et_pb_text_inner\">\n<p><strong>Tjocka sl\u00e4kten, familj\u00e4ra v\u00e4nnerna eller v\u00e4nliga familjen? Oavsett hur ert s\u00e4llskap ser ut vill vi ge er all plats ni beh\u00f6ver. H\u00f6r av dig till oss f\u00f6r att abonnera hela Grazie!<\/strong><\/p>\n<p>Under vardagskv\u00e4llar finns det m\u00f6jlighet att abonnera hela v\u00e5r restaurang till din fest! Vi l\u00e4gger hela v\u00e5rt fullt fokus p\u00e5 er och era behov, med allt fr\u00e5n st\u00e4mning, musik och gemenskap. Restaurangen har ca 70 sittplatser och kan m\u00f6bleras om f\u00f6r att passa just er fest.<\/p>\n<p>Vi \u00e4lskar att bolla id\u00e9er! Maila eller sl\u00e5 en signal, s\u00e5 k\u00f6r vi ig\u00e5ng: <a href=\"tel:+4611126060\">011-12 60 60<\/a> eller <a href=\"mailto:info@grazienkpg.se\">info@grazienkpg.se<\/a><\/p>\n<p>&nbsp;<\/p>\n<\/div>\n<\/div>\n","protected":false},"excerpt":{"rendered":"<p>Abonnera Grazie och f\u00e5 plats med hela tjocka sl\u00e4kten! Tjocka sl\u00e4kten, familj\u00e4ra v\u00e4nnerna eller v\u00e4nliga familjen? Oavsett hur ert s\u00e4llskap ser ut vill vi ge er all plats ni beh\u00f6ver. H\u00f6r av dig till oss f\u00f6r att abonnera hela Grazie! Under vardagskv\u00e4llar finns det m\u00f6jlighet att abonnera hela v\u00e5r restaurang till din fest! Vi l\u00e4gger [&hellip;]<\/p>\n","protected":false},"author":9,"featured_media":3159,"parent":0,"menu_order":0,"comment_status":"closed","ping_status":"closed","template":"","meta":{"_acf_changed":false,"_et_pb_use_builder":"","_et_pb_old_content":"","_et_gb_content_width":"","footnotes":""},"class_list":["post-2820","page","type-page","status-publish","has-post-thumbnail","hentry"],"acf":[],"yoast_head":"<!-- This site is optimized with the Yoast SEO plugin v22.4 - https:\/\/yoast.com\/wordpress\/plugins\/seo\/ -->\n<title>Abonnera - Grazie Pasteria &amp; Deli<\/title>\n<meta name=\"robots\" content=\"index, follow, max-snippet:-1, max-image-preview:large, max-video-preview:-1\" \/>\n<link rel=\"canonical\" href=\"https:\/\/grazienkpg.se\/festlokal-i-norrkoping\/\" \/>\n<meta property=\"og:locale\" content=\"sv_SE\" \/>\n<meta property=\"og:type\" content=\"article\" \/>\n<meta property=\"og:title\" content=\"Abonnera - Grazie Pasteria &amp; Deli\" \/>\n<meta property=\"og:description\" content=\"Abonnera Grazie och f\u00e5 plats med hela tjocka sl\u00e4kten! Tjocka sl\u00e4kten, familj\u00e4ra v\u00e4nnerna eller v\u00e4nliga familjen? Oavsett hur ert s\u00e4llskap ser ut vill vi ge er all plats ni beh\u00f6ver. H\u00f6r av dig till oss f\u00f6r att abonnera hela Grazie! Under vardagskv\u00e4llar finns det m\u00f6jlighet att abonnera hela v\u00e5r restaurang till din fest! Vi l\u00e4gger [&hellip;]\" \/>\n<meta property=\"og:url\" content=\"https:\/\/grazienkpg.se\/festlokal-i-norrkoping\/\" \/>\n<meta property=\"og:site_name\" content=\"Grazie Pasteria &amp; Deli\" \/>\n<meta property=\"article:publisher\" content=\"https:\/\/www.facebook.com\/ostgotakoklinkoping\" \/>\n<meta property=\"article:modified_time\" content=\"2024-03-13T13:14:04+00:00\" \/>\n<meta property=\"og:image\" content=\"https:\/\/grazienkpg.se\/wp-content\/uploads\/2024\/03\/iStock-9414881063-e1710253781716.jpg\" \/>\n\t<meta property=\"og:image:width\" content=\"1136\" \/>\n\t<meta property=\"og:image:height\" content=\"1136\" \/>\n\t<meta property=\"og:image:type\" content=\"image\/jpeg\" \/>\n<meta name=\"twitter:card\" content=\"summary_large_image\" \/>\n<meta name=\"twitter:label1\" content=\"Ber\u00e4knad l\u00e4stid\" \/>\n\t<meta name=\"twitter:data1\" content=\"1 minut\" \/>\n<script type=\"application\/ld+json\" class=\"yoast-schema-graph\">{\"@context\":\"https:\/\/schema.org\",\"@graph\":[{\"@type\":\"WebPage\",\"@id\":\"https:\/\/grazienkpg.se\/festlokal-i-norrkoping\/\",\"url\":\"https:\/\/grazienkpg.se\/festlokal-i-norrkoping\/\",\"name\":\"Abonnera - Grazie Pasteria &amp; Deli\",\"isPartOf\":{\"@id\":\"https:\/\/grazienkpg.se\/#website\"},\"primaryImageOfPage\":{\"@id\":\"https:\/\/grazienkpg.se\/festlokal-i-norrkoping\/#primaryimage\"},\"image\":{\"@id\":\"https:\/\/grazienkpg.se\/festlokal-i-norrkoping\/#primaryimage\"},\"thumbnailUrl\":\"https:\/\/dev.ostgotakok.com\/grazie2024\/wp-content\/uploads\/2024\/03\/iStock-9414881063-e1710253781716.jpg\",\"datePublished\":\"2023-06-06T12:03:19+00:00\",\"dateModified\":\"2024-03-13T13:14:04+00:00\",\"breadcrumb\":{\"@id\":\"https:\/\/grazienkpg.se\/festlokal-i-norrkoping\/#breadcrumb\"},\"inLanguage\":\"sv-SE\",\"potentialAction\":[{\"@type\":\"ReadAction\",\"target\":[\"https:\/\/grazienkpg.se\/festlokal-i-norrkoping\/\"]}]},{\"@type\":\"ImageObject\",\"inLanguage\":\"sv-SE\",\"@id\":\"https:\/\/grazienkpg.se\/festlokal-i-norrkoping\/#primaryimage\",\"url\":\"https:\/\/dev.ostgotakok.com\/grazie2024\/wp-content\/uploads\/2024\/03\/iStock-9414881063-e1710253781716.jpg\",\"contentUrl\":\"https:\/\/dev.ostgotakok.com\/grazie2024\/wp-content\/uploads\/2024\/03\/iStock-9414881063-e1710253781716.jpg\",\"width\":1136,\"height\":1136,\"caption\":\"Women friends in 1934 NOTE FOR INSPECTOR: As others similar approved model and property release I submitted, also in this it's not possible to have some informations such e-mail, address and telephon number of the models due to the fact that they are death. In the model release this is clearly indicated.\"},{\"@type\":\"BreadcrumbList\",\"@id\":\"https:\/\/grazienkpg.se\/festlokal-i-norrkoping\/#breadcrumb\",\"itemListElement\":[{\"@type\":\"ListItem\",\"position\":1,\"name\":\"Hem\",\"item\":\"https:\/\/grazienkpg.se\/\"},{\"@type\":\"ListItem\",\"position\":2,\"name\":\"Abonnera\"}]},{\"@type\":\"WebSite\",\"@id\":\"https:\/\/grazienkpg.se\/#website\",\"url\":\"https:\/\/grazienkpg.se\/\",\"name\":\"Grazie Pasteria &amp; Deli\",\"description\":\"\u00c4kta italiensk pasta och delikatesser\",\"potentialAction\":[{\"@type\":\"SearchAction\",\"target\":{\"@type\":\"EntryPoint\",\"urlTemplate\":\"https:\/\/grazienkpg.se\/?s={search_term_string}\"},\"query-input\":\"required name=search_term_string\"}],\"inLanguage\":\"sv-SE\"}]}<\/script>\n<!-- \/ Yoast SEO plugin. -->","yoast_head_json":{"title":"Abonnera - Grazie Pasteria &amp; Deli","robots":{"index":"index","follow":"follow","max-snippet":"max-snippet:-1","max-image-preview":"max-image-preview:large","max-video-preview":"max-video-preview:-1"},"canonical":"https:\/\/grazienkpg.se\/festlokal-i-norrkoping\/","og_locale":"sv_SE","og_type":"article","og_title":"Abonnera - Grazie Pasteria &amp; Deli","og_description":"Abonnera Grazie och f\u00e5 plats med hela tjocka sl\u00e4kten! Tjocka sl\u00e4kten, familj\u00e4ra v\u00e4nnerna eller v\u00e4nliga familjen? Oavsett hur ert s\u00e4llskap ser ut vill vi ge er all plats ni beh\u00f6ver. H\u00f6r av dig till oss f\u00f6r att abonnera hela Grazie! Under vardagskv\u00e4llar finns det m\u00f6jlighet att abonnera hela v\u00e5r restaurang till din fest! Vi l\u00e4gger [&hellip;]","og_url":"https:\/\/grazienkpg.se\/festlokal-i-norrkoping\/","og_site_name":"Grazie Pasteria &amp; Deli","article_publisher":"https:\/\/www.facebook.com\/ostgotakoklinkoping","article_modified_time":"2024-03-13T13:14:04+00:00","og_image":[{"width":1136,"height":1136,"url":"https:\/\/grazienkpg.se\/wp-content\/uploads\/2024\/03\/iStock-9414881063-e1710253781716.jpg","type":"image\/jpeg"}],"twitter_card":"summary_large_image","twitter_misc":{"Ber\u00e4knad l\u00e4stid":"1 minut"},"schema":{"@context":"https:\/\/schema.org","@graph":[{"@type":"WebPage","@id":"https:\/\/grazienkpg.se\/festlokal-i-norrkoping\/","url":"https:\/\/grazienkpg.se\/festlokal-i-norrkoping\/","name":"Abonnera - Grazie Pasteria &amp; Deli","isPartOf":{"@id":"https:\/\/grazienkpg.se\/#website"},"primaryImageOfPage":{"@id":"https:\/\/grazienkpg.se\/festlokal-i-norrkoping\/#primaryimage"},"image":{"@id":"https:\/\/grazienkpg.se\/festlokal-i-norrkoping\/#primaryimage"},"thumbnailUrl":"https:\/\/dev.ostgotakok.com\/grazie2024\/wp-content\/uploads\/2024\/03\/iStock-9414881063-e1710253781716.jpg","datePublished":"2023-06-06T12:03:19+00:00","dateModified":"2024-03-13T13:14:04+00:00","breadcrumb":{"@id":"https:\/\/grazienkpg.se\/festlokal-i-norrkoping\/#breadcrumb"},"inLanguage":"sv-SE","potentialAction":[{"@type":"ReadAction","target":["https:\/\/grazienkpg.se\/festlokal-i-norrkoping\/"]}]},{"@type":"ImageObject","inLanguage":"sv-SE","@id":"https:\/\/grazienkpg.se\/festlokal-i-norrkoping\/#primaryimage","url":"https:\/\/dev.ostgotakok.com\/grazie2024\/wp-content\/uploads\/2024\/03\/iStock-9414881063-e1710253781716.jpg","contentUrl":"https:\/\/dev.ostgotakok.com\/grazie2024\/wp-content\/uploads\/2024\/03\/iStock-9414881063-e1710253781716.jpg","width":1136,"height":1136,"caption":"Women friends in 1934 NOTE FOR INSPECTOR: As others similar approved model and property release I submitted, also in this it's not possible to have some informations such e-mail, address and telephon number of the models due to the fact that they are death. In the model release this is clearly indicated."},{"@type":"BreadcrumbList","@id":"https:\/\/grazienkpg.se\/festlokal-i-norrkoping\/#breadcrumb","itemListElement":[{"@type":"ListItem","position":1,"name":"Hem","item":"https:\/\/grazienkpg.se\/"},{"@type":"ListItem","position":2,"name":"Abonnera"}]},{"@type":"WebSite","@id":"https:\/\/grazienkpg.se\/#website","url":"https:\/\/grazienkpg.se\/","name":"Grazie Pasteria &amp; Deli","description":"\u00c4kta italiensk pasta och delikatesser","potentialAction":[{"@type":"SearchAction","target":{"@type":"EntryPoint","urlTemplate":"https:\/\/grazienkpg.se\/?s={search_term_string}"},"query-input":"required name=search_term_string"}],"inLanguage":"sv-SE"}]}},"publishpress_future_action":{"enabled":false,"date":"2026-04-27 15:07:24","action":"change-status","newStatus":"draft","terms":[],"taxonomy":""},"_links":{"self":[{"href":"https:\/\/dev.ostgotakok.com\/grazie2024\/wp-json\/wp\/v2\/pages\/2820","targetHints":{"allow":["GET"]}}],"collection":[{"href":"https:\/\/dev.ostgotakok.com\/grazie2024\/wp-json\/wp\/v2\/pages"}],"about":[{"href":"https:\/\/dev.ostgotakok.com\/grazie2024\/wp-json\/wp\/v2\/types\/page"}],"author":[{"embeddable":true,"href":"https:\/\/dev.ostgotakok.com\/grazie2024\/wp-json\/wp\/v2\/users\/9"}],"replies":[{"embeddable":true,"href":"https:\/\/dev.ostgotakok.com\/grazie2024\/wp-json\/wp\/v2\/comments?post=2820"}],"version-history":[{"count":4,"href":"https:\/\/dev.ostgotakok.com\/grazie2024\/wp-json\/wp\/v2\/pages\/2820\/revisions"}],"predecessor-version":[{"id":3163,"href":"https:\/\/dev.ostgotakok.com\/grazie2024\/wp-json\/wp\/v2\/pages\/2820\/revisions\/3163"}],"wp:featuredmedia":[{"embeddable":true,"href":"https:\/\/dev.ostgotakok.com\/grazie2024\/wp-json\/wp\/v2\/media\/3159"}],"wp:attachment":[{"href":"https:\/\/dev.ostgotakok.com\/grazie2024\/wp-json\/wp\/v2\/media?parent=2820"}],"curies":[{"name":"wp","href":"https:\/\/api.w.org\/{rel}","templated":true}]}}