{"id":1652,"date":"2023-04-17T09:45:37","date_gmt":"2023-04-17T09:45:37","guid":{"rendered":"https:\/\/dev.ostgotakok.com\/grazie2024\/?page_id=1652"},"modified":"2025-10-24T08:47:39","modified_gmt":"2025-10-24T06:47:39","slug":"catering","status":"publish","type":"page","link":"https:\/\/dev.ostgotakok.com\/grazie2024\/catering\/","title":{"rendered":"Catering"},"content":{"rendered":"<h2>F\u00e4rdiglagad mat till din fest eller till f\u00f6retaget<\/h2>\n<p>Dags f\u00f6r fest eller konferens? P\u00e5 Grazie Pasteria &amp; Deli ger vi dig g\u00e4rna en hj\u00e4lpande hand f\u00f6r att s\u00e4tta guldkant p\u00e5 tillst\u00e4llningen.<\/p>\n<p>H\u00e4r hittar du ett smakprov fr\u00e5n v\u00e5r breda cateringverksamhet, d\u00e4r vi kan m\u00f6ta alla era behov av delikata matupplevelser p\u00e5 festen, br\u00f6llopet, konferensen och m\u00f6tet. Vi har h\u00e4rliga cateringbuff\u00e9er med medelhavets smaker, en stor variation av hemgjorda pastar\u00e4tter, hembakade focaccia till er frukost eller till konferensen.<\/p>\n<p>Vill du ha en fantastisk frukost till temadagen p\u00e5 jobbet, eller specifika \u00f6nskem\u00e5l till festen? Eller har du en v\u00e4ldigt specifik budget att f\u00f6rh\u00e5lla dig till och vill sl\u00e4ppa loss oss inom dina ramar? Oavsett vad du har f\u00f6r behov &#8211; snacka med oss! Vi l\u00f6ser det mesta inom catering och servering i n\u00e4ra dialog med dig.<\/p>\n<hr \/>\n<h2 style=\"text-align: center;\"><em>Antingen<\/em> skapa en egen catering-meny tillsammans med oss<\/h2>\n<p style=\"text-align: center;\">Ta kontakt s\u00e5 hittar vi p\u00e5 n\u00e5t kul ihop!<br \/>\nRing <a href=\"tel:+4611126060\">011-12 60 60, <\/a><br \/>\nmaila <a href=\"mailto:info@grazienkpg.se\">info@grazienkpg.se<\/a><br \/>\neller s\u00e4g hej p\u00e5 Hospitalsgatan 6.<\/p>\n<hr \/>\n<hr \/>\n<h2 style=\"text-align: center;\"><em>Eller<\/em> v\u00e4lj n\u00e5gon av v\u00e5ra h\u00e4rliga cateringbuff\u00e9er<\/h2>\n<p style=\"text-align: center;\"><em>Minst 8 personer &#8211; best\u00e4ll i formul\u00e4ret nedan.\u00a0<\/em><\/p>\n<h3 style=\"text-align: center;\">Klassisk buff\u00e9<\/h3>\n<p style=\"text-align: center;\">&#8211; Vitello tonato (kalvrostbiff med tonfiskr\u00f6ra)<br \/>\n&#8211; R\u00e5stekt broccoli med nduja, kapris och mandel<br \/>\n&#8211; Burrata med dillsaltat gurka och chiliolja<br \/>\n&#8211; Prosciutto di Parma<br \/>\n&#8211; Tv\u00e5 sorters salami<br \/>\n&#8211; Melonsallad med olivolja och basilica<br \/>\n&#8211; Kron\u00e4rtsskockscr\u00e9me<br \/>\n&#8211; Oliver<br \/>\n&#8211; Focaccio, olivolja och flingsalt<br \/>\n<strong>365,00 kr<\/strong><\/p>\n<h3 style=\"text-align: center;\">V\u00e5rbuff\u00e9<\/h3>\n<p style=\"text-align: center;\">&#8211; Laxcarpaccio med kron\u00e4rtskockscr\u00e9me med kapris och ruccola.<br \/>\n&#8211; Majskycklingfil\u00e9 fr\u00e5n Munka Ljungby med chimichurry<br \/>\n&#8211; R\u00e5stekt broccoli med citron och rostade fr\u00f6n<br \/>\n&#8211; F\u00e4nk\u00e5lscrudit\u00e9 med blodapelsin<br \/>\n&#8211; Bondb\u00f6nor med ansjovis, persilja och citron<br \/>\n&#8211; Tomatsallad med buffelmozarella och basilica<br \/>\n&#8211; Potatisfrittata<br \/>\n&#8211; Canellinnib\u00f6nr\u00f6ra<br \/>\n&#8211; Hembakad focaccia med olivolja och flingsalt<br \/>\n<strong>365,00 kr<\/strong><\/p>\n<h3 style=\"text-align: center;\">Vegetarisk buff\u00e9<\/h3>\n<p style=\"text-align: center;\">&#8211; Melanzane<br \/>\n&#8211; Gr\u00f6n pestolasagne<br \/>\n&#8211; R\u00e5stekt broccoli med citron och rostade fr\u00f6n<br \/>\n&#8211; Buffelmozarella med basilica<br \/>\n&#8211; Melonsallad<br \/>\n&#8211; Bondb\u00f6nor med persilja, citron och chili<br \/>\n&#8211; Kron\u00e4rtsskockscr\u00e9me<br \/>\n&#8211; Hembakad focaccia med olivolja och flingsalt<br \/>\n<strong>365,00 kr<\/strong><\/p>\n<h3 style=\"text-align: center;\">Buff\u00e9 extra allt<\/h3>\n<p style=\"text-align: center;\">&#8211; Parmesan gratinerad hummer<br \/>\n&#8211; Kryddstekt svensk oxfil\u00e9<br \/>\n&#8211; \u00d6rtmarinerade musslor<br \/>\n&#8211; Ostpaj med l\u00f6jrom<br \/>\n&#8211; Sallad med f\u00e4rskpotatis och sparris<br \/>\n&#8211; Gr\u00f6nsallad<br \/>\n&#8211; Aioli<br \/>\n&#8211; Hembakad focaccia, olivolja och flingsalt<br \/>\n<strong>795,00 kr<\/strong><\/p>\n<h3 style=\"text-align: center;\">Gratinerad pastarulle<\/h3>\n<p style=\"text-align: center;\">V\u00e5r klassiska gratinerade pastarulle med k\u00f6ttf\u00e4rs. Inklusive hembakad focaccia med olivolja och flingsalt.<br \/>\n<strong>155,00 kr<\/strong><\/p>\n<h3 style=\"text-align: center;\">Vegetarisk pastarulle<\/h3>\n<p style=\"text-align: center;\">V\u00e5r klassiska gratinerade pastarulle med getost och spenat<br \/>\n<strong>155,00 kr<\/strong><\/p>\n<hr \/>\n<p>&nbsp;<\/p>\n","protected":false},"excerpt":{"rendered":"<p>F\u00e4rdiglagad mat till din fest eller till f\u00f6retaget Dags f\u00f6r fest eller konferens? P\u00e5 Grazie Pasteria &amp; Deli ger vi dig g\u00e4rna en hj\u00e4lpande hand f\u00f6r att s\u00e4tta guldkant p\u00e5 tillst\u00e4llningen. H\u00e4r hittar du ett smakprov fr\u00e5n v\u00e5r breda cateringverksamhet, d\u00e4r vi kan m\u00f6ta alla era behov av delikata matupplevelser p\u00e5 festen, br\u00f6llopet, konferensen och [&hellip;]<\/p>\n","protected":false},"author":9,"featured_media":3354,"parent":0,"menu_order":0,"comment_status":"closed","ping_status":"closed","template":"","meta":{"_acf_changed":false,"_et_pb_use_builder":"","_et_pb_old_content":"","_et_gb_content_width":"","footnotes":""},"class_list":["post-1652","page","type-page","status-publish","has-post-thumbnail","hentry"],"acf":[],"yoast_head":"<!-- This site is optimized with the Yoast SEO plugin v22.4 - https:\/\/yoast.com\/wordpress\/plugins\/seo\/ -->\n<title>Catering - Grazie Pasteria &amp; Deli<\/title>\n<meta name=\"robots\" content=\"index, follow, max-snippet:-1, max-image-preview:large, max-video-preview:-1\" \/>\n<link rel=\"canonical\" href=\"https:\/\/grazienkpg.se\/catering\/\" \/>\n<meta property=\"og:locale\" content=\"sv_SE\" \/>\n<meta property=\"og:type\" content=\"article\" \/>\n<meta property=\"og:title\" content=\"Catering - Grazie Pasteria &amp; Deli\" \/>\n<meta property=\"og:description\" content=\"F\u00e4rdiglagad mat till din fest eller till f\u00f6retaget Dags f\u00f6r fest eller konferens? P\u00e5 Grazie Pasteria &amp; Deli ger vi dig g\u00e4rna en hj\u00e4lpande hand f\u00f6r att s\u00e4tta guldkant p\u00e5 tillst\u00e4llningen. H\u00e4r hittar du ett smakprov fr\u00e5n v\u00e5r breda cateringverksamhet, d\u00e4r vi kan m\u00f6ta alla era behov av delikata matupplevelser p\u00e5 festen, br\u00f6llopet, konferensen och [&hellip;]\" \/>\n<meta property=\"og:url\" content=\"https:\/\/grazienkpg.se\/catering\/\" \/>\n<meta property=\"og:site_name\" content=\"Grazie Pasteria &amp; Deli\" \/>\n<meta property=\"article:publisher\" content=\"https:\/\/www.facebook.com\/ostgotakoklinkoping\" \/>\n<meta property=\"article:modified_time\" content=\"2025-10-24T06:47:39+00:00\" \/>\n<meta property=\"og:image\" content=\"https:\/\/grazienkpg.se\/wp-content\/uploads\/2025\/10\/IMG_6655.jpg\" \/>\n\t<meta property=\"og:image:width\" content=\"1000\" \/>\n\t<meta property=\"og:image:height\" content=\"1000\" \/>\n\t<meta property=\"og:image:type\" content=\"image\/jpeg\" \/>\n<meta name=\"twitter:card\" content=\"summary_large_image\" \/>\n<meta name=\"twitter:label1\" content=\"Ber\u00e4knad l\u00e4stid\" \/>\n\t<meta name=\"twitter:data1\" content=\"2 minuter\" \/>\n<script type=\"application\/ld+json\" class=\"yoast-schema-graph\">{\"@context\":\"https:\/\/schema.org\",\"@graph\":[{\"@type\":\"WebPage\",\"@id\":\"https:\/\/grazienkpg.se\/catering\/\",\"url\":\"https:\/\/grazienkpg.se\/catering\/\",\"name\":\"Catering - Grazie Pasteria &amp; Deli\",\"isPartOf\":{\"@id\":\"https:\/\/grazienkpg.se\/#website\"},\"primaryImageOfPage\":{\"@id\":\"https:\/\/grazienkpg.se\/catering\/#primaryimage\"},\"image\":{\"@id\":\"https:\/\/grazienkpg.se\/catering\/#primaryimage\"},\"thumbnailUrl\":\"https:\/\/dev.ostgotakok.com\/grazie2024\/wp-content\/uploads\/2025\/10\/IMG_6655.jpg\",\"datePublished\":\"2023-04-17T09:45:37+00:00\",\"dateModified\":\"2025-10-24T06:47:39+00:00\",\"breadcrumb\":{\"@id\":\"https:\/\/grazienkpg.se\/catering\/#breadcrumb\"},\"inLanguage\":\"sv-SE\",\"potentialAction\":[{\"@type\":\"ReadAction\",\"target\":[\"https:\/\/grazienkpg.se\/catering\/\"]}]},{\"@type\":\"ImageObject\",\"inLanguage\":\"sv-SE\",\"@id\":\"https:\/\/grazienkpg.se\/catering\/#primaryimage\",\"url\":\"https:\/\/dev.ostgotakok.com\/grazie2024\/wp-content\/uploads\/2025\/10\/IMG_6655.jpg\",\"contentUrl\":\"https:\/\/dev.ostgotakok.com\/grazie2024\/wp-content\/uploads\/2025\/10\/IMG_6655.jpg\",\"width\":1000,\"height\":1000},{\"@type\":\"BreadcrumbList\",\"@id\":\"https:\/\/grazienkpg.se\/catering\/#breadcrumb\",\"itemListElement\":[{\"@type\":\"ListItem\",\"position\":1,\"name\":\"Hem\",\"item\":\"https:\/\/grazienkpg.se\/\"},{\"@type\":\"ListItem\",\"position\":2,\"name\":\"Catering\"}]},{\"@type\":\"WebSite\",\"@id\":\"https:\/\/grazienkpg.se\/#website\",\"url\":\"https:\/\/grazienkpg.se\/\",\"name\":\"Grazie Pasteria &amp; Deli\",\"description\":\"\u00c4kta italiensk pasta och delikatesser\",\"potentialAction\":[{\"@type\":\"SearchAction\",\"target\":{\"@type\":\"EntryPoint\",\"urlTemplate\":\"https:\/\/grazienkpg.se\/?s={search_term_string}\"},\"query-input\":\"required name=search_term_string\"}],\"inLanguage\":\"sv-SE\"}]}<\/script>\n<!-- \/ Yoast SEO plugin. -->","yoast_head_json":{"title":"Catering - Grazie Pasteria &amp; Deli","robots":{"index":"index","follow":"follow","max-snippet":"max-snippet:-1","max-image-preview":"max-image-preview:large","max-video-preview":"max-video-preview:-1"},"canonical":"https:\/\/grazienkpg.se\/catering\/","og_locale":"sv_SE","og_type":"article","og_title":"Catering - Grazie Pasteria &amp; Deli","og_description":"F\u00e4rdiglagad mat till din fest eller till f\u00f6retaget Dags f\u00f6r fest eller konferens? P\u00e5 Grazie Pasteria &amp; Deli ger vi dig g\u00e4rna en hj\u00e4lpande hand f\u00f6r att s\u00e4tta guldkant p\u00e5 tillst\u00e4llningen. H\u00e4r hittar du ett smakprov fr\u00e5n v\u00e5r breda cateringverksamhet, d\u00e4r vi kan m\u00f6ta alla era behov av delikata matupplevelser p\u00e5 festen, br\u00f6llopet, konferensen och [&hellip;]","og_url":"https:\/\/grazienkpg.se\/catering\/","og_site_name":"Grazie Pasteria &amp; Deli","article_publisher":"https:\/\/www.facebook.com\/ostgotakoklinkoping","article_modified_time":"2025-10-24T06:47:39+00:00","og_image":[{"width":1000,"height":1000,"url":"https:\/\/grazienkpg.se\/wp-content\/uploads\/2025\/10\/IMG_6655.jpg","type":"image\/jpeg"}],"twitter_card":"summary_large_image","twitter_misc":{"Ber\u00e4knad l\u00e4stid":"2 minuter"},"schema":{"@context":"https:\/\/schema.org","@graph":[{"@type":"WebPage","@id":"https:\/\/grazienkpg.se\/catering\/","url":"https:\/\/grazienkpg.se\/catering\/","name":"Catering - Grazie Pasteria &amp; Deli","isPartOf":{"@id":"https:\/\/grazienkpg.se\/#website"},"primaryImageOfPage":{"@id":"https:\/\/grazienkpg.se\/catering\/#primaryimage"},"image":{"@id":"https:\/\/grazienkpg.se\/catering\/#primaryimage"},"thumbnailUrl":"https:\/\/dev.ostgotakok.com\/grazie2024\/wp-content\/uploads\/2025\/10\/IMG_6655.jpg","datePublished":"2023-04-17T09:45:37+00:00","dateModified":"2025-10-24T06:47:39+00:00","breadcrumb":{"@id":"https:\/\/grazienkpg.se\/catering\/#breadcrumb"},"inLanguage":"sv-SE","potentialAction":[{"@type":"ReadAction","target":["https:\/\/grazienkpg.se\/catering\/"]}]},{"@type":"ImageObject","inLanguage":"sv-SE","@id":"https:\/\/grazienkpg.se\/catering\/#primaryimage","url":"https:\/\/dev.ostgotakok.com\/grazie2024\/wp-content\/uploads\/2025\/10\/IMG_6655.jpg","contentUrl":"https:\/\/dev.ostgotakok.com\/grazie2024\/wp-content\/uploads\/2025\/10\/IMG_6655.jpg","width":1000,"height":1000},{"@type":"BreadcrumbList","@id":"https:\/\/grazienkpg.se\/catering\/#breadcrumb","itemListElement":[{"@type":"ListItem","position":1,"name":"Hem","item":"https:\/\/grazienkpg.se\/"},{"@type":"ListItem","position":2,"name":"Catering"}]},{"@type":"WebSite","@id":"https:\/\/grazienkpg.se\/#website","url":"https:\/\/grazienkpg.se\/","name":"Grazie Pasteria &amp; Deli","description":"\u00c4kta italiensk pasta och delikatesser","potentialAction":[{"@type":"SearchAction","target":{"@type":"EntryPoint","urlTemplate":"https:\/\/grazienkpg.se\/?s={search_term_string}"},"query-input":"required name=search_term_string"}],"inLanguage":"sv-SE"}]}},"publishpress_future_action":{"enabled":false,"date":"2026-04-29 11:01:34","action":"change-status","newStatus":"draft","terms":[],"taxonomy":""},"_links":{"self":[{"href":"https:\/\/dev.ostgotakok.com\/grazie2024\/wp-json\/wp\/v2\/pages\/1652","targetHints":{"allow":["GET"]}}],"collection":[{"href":"https:\/\/dev.ostgotakok.com\/grazie2024\/wp-json\/wp\/v2\/pages"}],"about":[{"href":"https:\/\/dev.ostgotakok.com\/grazie2024\/wp-json\/wp\/v2\/types\/page"}],"author":[{"embeddable":true,"href":"https:\/\/dev.ostgotakok.com\/grazie2024\/wp-json\/wp\/v2\/users\/9"}],"replies":[{"embeddable":true,"href":"https:\/\/dev.ostgotakok.com\/grazie2024\/wp-json\/wp\/v2\/comments?post=1652"}],"version-history":[{"count":9,"href":"https:\/\/dev.ostgotakok.com\/grazie2024\/wp-json\/wp\/v2\/pages\/1652\/revisions"}],"predecessor-version":[{"id":3319,"href":"https:\/\/dev.ostgotakok.com\/grazie2024\/wp-json\/wp\/v2\/pages\/1652\/revisions\/3319"}],"wp:featuredmedia":[{"embeddable":true,"href":"https:\/\/dev.ostgotakok.com\/grazie2024\/wp-json\/wp\/v2\/media\/3354"}],"wp:attachment":[{"href":"https:\/\/dev.ostgotakok.com\/grazie2024\/wp-json\/wp\/v2\/media?parent=1652"}],"curies":[{"name":"wp","href":"https:\/\/api.w.org\/{rel}","templated":true}]}}